{"id":28392,"date":"2020-04-27T07:01:56","date_gmt":"2020-04-27T05:01:56","guid":{"rendered":"https:\/\/archventil.com\/politique-de-confidentialite\/"},"modified":"2025-05-19T11:45:53","modified_gmt":"2025-05-19T09:45:53","slug":"politique-de-confidentialite","status":"publish","type":"page","link":"https:\/\/archventil.com\/fr\/politique-de-confidentialite\/","title":{"rendered":"Politique de confidentialit\u00e9"},"content":{"rendered":"<div data-elementor-type=\"wp-page\" data-elementor-id=\"28392\" class=\"elementor elementor-28392 elementor-3\" data-elementor-post-type=\"page\"> \t\t\t\t<div class=\"elementor-element elementor-element-9d50ca0 e-con-full e-flex e-con e-parent\" data-id=\"9d50ca0\" data-element_type=\"container\" data-e-type=\"container\"> \t\t<div class=\"elementor-element elementor-element-0c3aa10 e-con-full e-flex e-con e-child\" data-id=\"0c3aa10\" data-element_type=\"container\" data-e-type=\"container\" data-settings=\"{&quot;background_background&quot;:&quot;classic&quot;}\"> \t\t\t\t<\/div> \t\t<div class=\"elementor-element elementor-element-c7b5b0a e-con-full e-transform e-flex e-con e-child\" data-id=\"c7b5b0a\" data-element_type=\"container\" data-e-type=\"container\" data-settings=\"{&quot;_transform_translateY_effect&quot;:{&quot;unit&quot;:&quot;%&quot;,&quot;size&quot;:-99.9,&quot;sizes&quot;:[]},&quot;_transform_translateY_effect_tablet&quot;:{&quot;unit&quot;:&quot;%&quot;,&quot;size&quot;:&quot;&quot;,&quot;sizes&quot;:[]},&quot;_transform_translateY_effect_mobile&quot;:{&quot;unit&quot;:&quot;%&quot;,&quot;size&quot;:0,&quot;sizes&quot;:[]},&quot;_transform_translateX_effect&quot;:{&quot;unit&quot;:&quot;px&quot;,&quot;size&quot;:&quot;&quot;,&quot;sizes&quot;:[]},&quot;_transform_translateX_effect_tablet&quot;:{&quot;unit&quot;:&quot;px&quot;,&quot;size&quot;:&quot;&quot;,&quot;sizes&quot;:[]},&quot;_transform_translateX_effect_mobile&quot;:{&quot;unit&quot;:&quot;px&quot;,&quot;size&quot;:&quot;&quot;,&quot;sizes&quot;:[]}}\"> \t\t<div class=\"elementor-element elementor-element-c421a01 e-con-full e-flex e-con e-child\" data-id=\"c421a01\" data-element_type=\"container\" data-e-type=\"container\" data-settings=\"{&quot;background_background&quot;:&quot;classic&quot;}\"> \t\t\t\t<div class=\"elementor-element elementor-element-3459706 elementor-widget elementor-widget-heading\" data-id=\"3459706\" data-element_type=\"widget\" data-e-type=\"widget\" data-widget_type=\"heading.default\"> \t\t\t\t<div class=\"elementor-widget-container\"> \t\t\t\t\t<h1 class=\"elementor-heading-title elementor-size-default\">Politique de confidentialit\u00e9<\/h1>\t\t\t\t<\/div> \t\t\t\t<\/div> \t\t\t\t<div class=\"elementor-element elementor-element-53e6e34 elementor-widget elementor-widget-heading\" data-id=\"53e6e34\" data-element_type=\"widget\" data-e-type=\"widget\" data-widget_type=\"heading.default\"> \t\t\t\t<div class=\"elementor-widget-container\"> \t\t\t\t\t<h5 class=\"elementor-heading-title elementor-size-default\">Archventil<br>Studio d'architecture international \u00e0 Milan <\/h5>\t\t\t\t<\/div> \t\t\t\t<\/div> \t\t\t\t<\/div> \t\t<div class=\"elementor-element elementor-element-4398ae4 e-con-full e-flex e-con e-child\" data-id=\"4398ae4\" data-element_type=\"container\" data-e-type=\"container\" data-settings=\"{&quot;background_background&quot;:&quot;classic&quot;}\"> \t\t\t\t<\/div> \t\t\t\t<\/div> \t\t\t\t<\/div> \t\t<div class=\"elementor-element elementor-element-26638f8 e-con-full e-flex e-con e-parent\" data-id=\"26638f8\" data-element_type=\"container\" data-e-type=\"container\"> \t\t\t\t<div class=\"elementor-element elementor-element-896a275 elementor-widget elementor-widget-text-editor\" data-id=\"896a275\" data-element_type=\"widget\" data-e-type=\"widget\" data-widget_type=\"text-editor.default\"> \t\t\t\t<div class=\"elementor-widget-container\"> \t\t\t\t\t\t\t\t\t<p><a class=\"iubenda-nostyle no-brand iubenda-noiframe iubenda-embed iubenda-noiframe iub-body-embed\" title=\"Politique de confidentialit\u00e9\" href=\"https:\/\/www.iubenda.com\/privacy-policy\/64417137\" target=\"_blank\" rel=\"noopener\">Politique de confidentialit\u00e9<\/a><script type=\"text\/javascript\">(function (w,d) {var loader = function () {var s = d.createElement(\"script\"), tag = d.getElementsByTagName(\"script\")[0]; s.src=\"https:\/\/cdn.iubenda.com\/iubenda.js\"; tag.parentNode.insertBefore(s,tag);}; if(w.addEventListener){w.addEventListener(\"load\", loader, false);}else if(w.attachEvent){w.attachEvent(\"onload\", loader);}else{w.onload = loader;>(window, document);<\/script><\/p>\t\t\t\t\t\t\t\t<\/div> \t\t\t\t<\/div> \t\t\t\t<div class=\"elementor-element elementor-element-08ae545 elementor-widget elementor-widget-accordion\" data-id=\"08ae545\" data-element_type=\"widget\" data-e-type=\"widget\" data-widget_type=\"accordion.default\"> \t\t\t\t<div class=\"elementor-widget-container\"> \t\t\t\t\t\t\t<div class=\"elementor-accordion\"> \t\t\t\t\t\t\t<div class=\"elementor-accordion-item\"> \t\t\t\t\t<div id=\"elementor-tab-title-9101\" class=\"elementor-tab-title\" data-tab=\"1\" role=\"button\" aria-controls=\"elementor-tab-content-9101\" aria-expanded=\"false\"> \t\t\t\t\t\t\t\t\t\t\t\t\t<span class=\"elementor-accordion-icon elementor-accordion-icon-right\" aria-hidden=\"true\"> \t\t\t\t\t\t\t\t\t\t\t\t\t\t\t<span class=\"elementor-accordion-icon-closed\"><svg class=\"e-font-icon-svg e-fas-chevron-down\" viewbox=\"0 0 448 512\" xmlns=\"http:\/\/www.w3.org\/2000\/svg\"><path d=\"M207.029 381.476L12.686 187.132c-9.373-9.373-9.373-24.569 0-33.941l22.667-22.667c9.357-9.357 24.522-9.375 33.901-.04L224 284.505l154.745-154.021c9.379-9.335 24.544-9.317 33.901.04l22.667 22.667c9.373 9.373 9.373 24.569 0 33.941L240.971 381.476c-9.373 9.372-24.569 9.372-33.942 0z\"><\/path><\/svg><\/span> \t\t\t\t\t\t\t\t<span class=\"elementor-accordion-icon-opened\"><svg class=\"e-font-icon-svg e-fas-chevron-up\" viewbox=\"0 0 448 512\" xmlns=\"http:\/\/www.w3.org\/2000\/svg\"><path d=\"M240.971 130.524l194.343 194.343c9.373 9.373 9.373 24.569 0 33.941l-22.667 22.667c-9.357 9.357-24.522 9.375-33.901.04L224 227.495 69.255 381.516c-9.379 9.335-24.544 9.317-33.901-.04l-22.667-22.667c-9.373-9.373-9.373-24.569 0-33.941L207.03 130.525c9.372-9.373 24.568-9.373 33.941-.001z\"><\/path><\/svg><\/span> \t\t\t\t\t\t\t\t\t\t\t\t\t\t<\/span> \t\t\t\t\t\t\t\t\t\t\t\t<a class=\"elementor-accordion-title\" tabindex=\"0\">D\u00e9finitions et r\u00e9f\u00e9rences juridiques  <\/a> \t\t\t\t\t<\/div> \t\t\t\t\t<div id=\"elementor-tab-content-9101\" class=\"elementor-tab-content elementor-clearfix\" data-tab=\"1\" role=\"region\" aria-labelledby=\"elementor-tab-title-9101\"><div class=\"expand-content\"> <div class=\"expand-content\"> <h4>Donn\u00e9es personnelles (ou donn\u00e9es)<\/h4> <p>Les donn\u00e9es \u00e0 caract\u00e8re personnel sont toutes les informations qui, directement ou indirectement, m\u00eame en relation avec d&rsquo;autres informations, y compris un num\u00e9ro d&rsquo;identification personnel, permettent d&rsquo;identifier ou de reconna\u00eetre une personne physique.<\/p> <h4>Donn\u00e9es d&rsquo;utilisation<\/h4> <p>Il s&rsquo;agit des informations collect\u00e9es automatiquement par le biais de cette application (y compris par les applications de tiers int\u00e9gr\u00e9es dans cette application), notamment : les adresses IP ou les noms de domaine des ordinateurs utilis\u00e9s par l&rsquo;utilisateur qui se connecte \u00e0 cette application, les adresses de notation URI (Uniform Resource Identifier), l&rsquo;heure de la demande, la m\u00e9thode utilis\u00e9e pour transmettre la demande au serveur, la taille du fichier obtenu en r\u00e9ponse, le code num\u00e9rique indiquant l&rsquo;\u00e9tat de la r\u00e9ponse du serveur (succ\u00e8s, erreur, etc.), le pays d&rsquo;origine, les caract\u00e9ristiques du navigateur et du syst\u00e8me d&rsquo;exploitation utilis\u00e9s par le visiteur, les diff\u00e9rentes connotations temporelles de la visite (par exemple, le temps pass\u00e9 sur chaque page) et les d\u00e9tails de l&rsquo;itin\u00e9raire suivi par l&rsquo;utilisateur.), le pays d&rsquo;origine, les caract\u00e9ristiques du navigateur et du syst\u00e8me d&rsquo;exploitation utilis\u00e9s par le visiteur, les diff\u00e9rentes connotations temporelles de la visite (par exemple le temps pass\u00e9 sur chaque page) et les d\u00e9tails de l&rsquo;itin\u00e9raire suivi au sein de l&rsquo;application, en particulier la s\u00e9quence des pages consult\u00e9es, les param\u00e8tres relatifs au syst\u00e8me d&rsquo;exploitation et \u00e0 l&rsquo;environnement informatique de l&rsquo;utilisateur.<\/p> <h4>Utilisateur<\/h4> <p>La personne qui utilise cette application et qui, sauf indication contraire, est la personne concern\u00e9e.<\/p> <h4>Int\u00e9ress\u00e9<\/h4> <p>La personne physique \u00e0 laquelle se r\u00e9f\u00e8rent les donn\u00e9es \u00e0 caract\u00e8re personnel.<\/p> <h4>Processeur (ou gestionnaire)<\/h4> <p>La personne physique, l&rsquo;entit\u00e9 juridique, l&rsquo;administration publique et toute autre entit\u00e9 qui traite des donn\u00e9es \u00e0 caract\u00e8re personnel pour le compte du contr\u00f4leur, comme indiqu\u00e9 dans la pr\u00e9sente politique de confidentialit\u00e9.<\/p> <h4>Contr\u00f4leur des donn\u00e9es (ou propri\u00e9taire)<\/h4> <p>La personne physique ou morale, l&rsquo;autorit\u00e9 publique, le service ou tout autre organisme qui, individuellement ou conjointement avec d&rsquo;autres, d\u00e9termine les finalit\u00e9s et les moyens du traitement des donn\u00e9es \u00e0 caract\u00e8re personnel et les instruments adopt\u00e9s, y compris les mesures de s\u00e9curit\u00e9 relatives au fonctionnement et \u00e0 l&rsquo;utilisation de cette application. Le contr\u00f4leur des donn\u00e9es, sauf indication contraire, est le propri\u00e9taire de cette application. <\/p> <h4>Cette application<\/h4> <p>L&rsquo;outil mat\u00e9riel ou logiciel par lequel les donn\u00e9es personnelles des utilisateurs sont collect\u00e9es et trait\u00e9es.<\/p> <h4>Service<\/h4> <p>Le service fourni par cette application, tel que d\u00e9fini dans les conditions pertinentes (le cas \u00e9ch\u00e9ant) sur ce site\/cette application.<\/p> <h4>Union europ\u00e9enne (ou UE)<\/h4> <p>Sauf indication contraire, toute r\u00e9f\u00e9rence \u00e0 l&rsquo;Union europ\u00e9enne dans le pr\u00e9sent document est r\u00e9put\u00e9e s&rsquo;\u00e9tendre \u00e0 tous les \u00c9tats membres actuels de l&rsquo;Union europ\u00e9enne et de l&rsquo;Espace \u00e9conomique europ\u00e9en.<\/p> <h4>Cookies<\/h4> <p>Les cookies sont des outils de suivi qui consistent en de petites portions de donn\u00e9es stock\u00e9es dans le navigateur de l&rsquo;utilisateur.<\/p> <h4>Outil de suivi<\/h4> <p>Outil de suivi : toute technologie &#8211; par exemple les cookies, les identificateurs uniques, les pixels invisibles, les scripts int\u00e9gr\u00e9s, les \u00e9tiquettes \u00e9lectroniques et les empreintes digitales &#8211; qui permet de suivre les utilisateurs, par exemple en collectant ou en stockant des informations sur l&rsquo;appareil de l&rsquo;utilisateur.<\/p> <hr> <h4>R\u00e9f\u00e9rences juridiques<\/h4> <p>La pr\u00e9sente politique de confidentialit\u00e9 est \u00e9labor\u00e9e sur la base de multiples r\u00e9glementations l\u00e9gales, notamment les articles 13 et 14 du r\u00e8glement (UE) 2016\/679.<\/p> <p>Sauf indication contraire, la pr\u00e9sente politique de confidentialit\u00e9 concerne exclusivement cette application.<\/p> <\/div> <\/div> <\/div> \t\t\t\t<\/div> \t\t\t\t\t\t\t\t<\/div> \t\t\t\t\t\t<\/div> \t\t\t\t<\/div> \t\t\t\t<\/div> \t\t\t\t<\/div>","protected":false},"excerpt":{"rendered":"<p>Politique de confidentialit\u00e9 ArchventilStudio d&rsquo;architecture international \u00e0 Milan Politique de confidentialit\u00e9 D\u00e9finitions et r\u00e9f\u00e9rences juridiques Donn\u00e9es personnelles (ou donn\u00e9es) Les donn\u00e9es \u00e0 caract\u00e8re personnel sont toutes les informations qui, directement ou indirectement, m\u00eame en relation avec d&#8217;autres informations, y compris un num\u00e9ro d&#8217;identification personnel, permettent d&#8217;identifier ou de reconna\u00eetre une personne physique. Donn\u00e9es d&#8217;utilisation Il [&hellip;]<\/p>\n","protected":false},"author":3,"featured_media":0,"parent":0,"menu_order":0,"comment_status":"closed","ping_status":"closed","template":"","meta":{"_acf_changed":false,"footnotes":""},"class_list":["post-28392","page","type-page","status-publish","hentry"],"acf":[],"_links":{"self":[{"href":"https:\/\/archventil.com\/fr\/wp-json\/wp\/v2\/pages\/28392","targetHints":{"allow":["GET"]}}],"collection":[{"href":"https:\/\/archventil.com\/fr\/wp-json\/wp\/v2\/pages"}],"about":[{"href":"https:\/\/archventil.com\/fr\/wp-json\/wp\/v2\/types\/page"}],"author":[{"embeddable":true,"href":"https:\/\/archventil.com\/fr\/wp-json\/wp\/v2\/users\/3"}],"replies":[{"embeddable":true,"href":"https:\/\/archventil.com\/fr\/wp-json\/wp\/v2\/comments?post=28392"}],"version-history":[{"count":1,"href":"https:\/\/archventil.com\/fr\/wp-json\/wp\/v2\/pages\/28392\/revisions"}],"predecessor-version":[{"id":28394,"href":"https:\/\/archventil.com\/fr\/wp-json\/wp\/v2\/pages\/28392\/revisions\/28394"}],"wp:attachment":[{"href":"https:\/\/archventil.com\/fr\/wp-json\/wp\/v2\/media?parent=28392"}],"curies":[{"name":"wp","href":"https:\/\/api.w.org\/{rel}","templated":true}]}}