{"id":28404,"date":"2023-07-06T12:24:33","date_gmt":"2023-07-06T10:24:33","guid":{"rendered":"https:\/\/archventil.com\/aide-a-la-transparence-de-larn\/"},"modified":"2025-05-19T11:45:54","modified_gmt":"2025-05-19T09:45:54","slug":"aide-a-la-transparence-de-larn","status":"publish","type":"page","link":"https:\/\/archventil.com\/fr\/aide-a-la-transparence-de-larn\/","title":{"rendered":"Aide \u00e0 la transparence de l&rsquo;ARN"},"content":{"rendered":"<div data-elementor-type=\"wp-page\" data-elementor-id=\"28404\" class=\"elementor elementor-28404 elementor-16019\" data-elementor-post-type=\"page\"> \t\t\t\t<div class=\"elementor-element elementor-element-cd466bf e-con-full e-flex e-con e-parent\" data-id=\"cd466bf\" data-element_type=\"container\" data-e-type=\"container\"> \t\t<div class=\"elementor-element elementor-element-ed92279 e-con-full e-flex e-con e-child\" data-id=\"ed92279\" data-element_type=\"container\" data-e-type=\"container\" data-settings=\"{&quot;background_background&quot;:&quot;classic&quot;}\"> \t\t\t\t<\/div> \t\t<div class=\"elementor-element elementor-element-2533aa0 e-con-full e-transform e-flex e-con e-child\" data-id=\"2533aa0\" data-element_type=\"container\" data-e-type=\"container\" data-settings=\"{&quot;_transform_translateY_effect&quot;:{&quot;unit&quot;:&quot;%&quot;,&quot;size&quot;:-99.9,&quot;sizes&quot;:[]},&quot;_transform_translateY_effect_tablet&quot;:{&quot;unit&quot;:&quot;%&quot;,&quot;size&quot;:&quot;&quot;,&quot;sizes&quot;:[]},&quot;_transform_translateY_effect_mobile&quot;:{&quot;unit&quot;:&quot;%&quot;,&quot;size&quot;:0,&quot;sizes&quot;:[]},&quot;_transform_translateX_effect&quot;:{&quot;unit&quot;:&quot;px&quot;,&quot;size&quot;:&quot;&quot;,&quot;sizes&quot;:[]},&quot;_transform_translateX_effect_tablet&quot;:{&quot;unit&quot;:&quot;px&quot;,&quot;size&quot;:&quot;&quot;,&quot;sizes&quot;:[]},&quot;_transform_translateX_effect_mobile&quot;:{&quot;unit&quot;:&quot;px&quot;,&quot;size&quot;:&quot;&quot;,&quot;sizes&quot;:[]}}\"> \t\t<div class=\"elementor-element elementor-element-b76de8f e-con-full e-flex e-con e-child\" data-id=\"b76de8f\" data-element_type=\"container\" data-e-type=\"container\" data-settings=\"{&quot;background_background&quot;:&quot;classic&quot;}\"> \t\t\t\t<div class=\"elementor-element elementor-element-b4343c4 elementor-widget elementor-widget-heading\" data-id=\"b4343c4\" data-element_type=\"widget\" data-e-type=\"widget\" data-widget_type=\"heading.default\"> \t\t\t\t<div class=\"elementor-widget-container\"> \t\t\t\t\t<h1 class=\"elementor-heading-title elementor-size-default\">Aide \u00e0 la transparence de l'ARN<\/h1>\t\t\t\t<\/div> \t\t\t\t<\/div> \t\t\t\t<div class=\"elementor-element elementor-element-4964e89 elementor-widget elementor-widget-heading\" data-id=\"4964e89\" data-element_type=\"widget\" data-e-type=\"widget\" data-widget_type=\"heading.default\"> \t\t\t\t<div class=\"elementor-widget-container\"> \t\t\t\t\t<h5 class=\"elementor-heading-title elementor-size-default\">Archventil<br>Studio d'architecture international \u00e0 Milan <\/h5>\t\t\t\t<\/div> \t\t\t\t<\/div> \t\t\t\t<\/div> \t\t<div class=\"elementor-element elementor-element-1f43a5c e-con-full e-flex e-con e-child\" data-id=\"1f43a5c\" data-element_type=\"container\" data-e-type=\"container\" data-settings=\"{&quot;background_background&quot;:&quot;classic&quot;}\"> \t\t\t\t<\/div> \t\t\t\t<\/div> \t\t\t\t<\/div> \t\t<div class=\"elementor-element elementor-element-696071b e-con-full e-flex e-con e-parent\" data-id=\"696071b\" data-element_type=\"container\" data-e-type=\"container\"> \t\t\t\t<div class=\"elementor-element elementor-element-e4580ac elementor-widget-mobile__width-inherit elementor-widget elementor-widget-text-editor\" data-id=\"e4580ac\" data-element_type=\"widget\" data-e-type=\"widget\" data-widget_type=\"text-editor.default\"> \t\t\t\t<div class=\"elementor-widget-container\"> \t\t\t\t\t\t\t\t\t<p>La loi 124\/2017 oblige les entreprises \u00e0 publier la liste des versements publics qu&rsquo;elles ont re\u00e7us. La publication doit \u00eatre faite sur le site web de l&rsquo;entreprise, si elle en a un.<\/p> <p>Pour pouvoir v\u00e9rifier l&rsquo;aide re\u00e7ue, les \u00e9tapes suivantes doivent \u00eatre suivies :<\/p> <ol> <li>Acc\u00e9dez au site<br><a href=\"https:\/\/www.rna.gov.it\/RegistroNazionaleTrasparenza\/faces\/pages\/TrasparenzaAiuto.jspx\" target=\"_blank\" rel=\"noopener\"><span style=\"color: #000000; font-family: 'Prata', serif;\">https:\/\/www.rna.gov.it<\/span><\/a><\/li> <li><a href=\"https:\/\/www.rna.gov.it\/RegistroNazionaleTrasparenza\/faces\/pages\/TrasparenzaAiuto.jspx\" target=\"_blank\" rel=\"noopener\"><span style=\"color: #333333; font-family: Prata; font-weight: var( --e-global-typography-text-font-weight ); font-size: 1rem;\">Saisissez le num\u00e9ro de TVA de l&rsquo;entreprise dans le champ \u00ab\u00a0Num\u00e9ro d&rsquo;identification fiscale du b\u00e9n\u00e9ficiaire\u00a0\u00bb ;<\/span><\/a><\/li> <li>Copiez l&rsquo;aide d&rsquo;\u00c9tat qu&rsquo;ils remplissent, au bas de la page, sur leur propre site web.<br><br><\/li> <\/ol> <p>Nous restons \u00e0 votre disposition pour toute clarification<\/p>\t\t\t\t\t\t\t\t<\/div> \t\t\t\t<\/div> \t\t\t\t<div class=\"elementor-element elementor-element-ae7d64c elementor-widget elementor-widget-image\" data-id=\"ae7d64c\" data-element_type=\"widget\" data-e-type=\"widget\" data-widget_type=\"image.default\"> \t\t\t\t<div class=\"elementor-widget-container\"> \t\t\t\t\t\t\t\t\t\t\t\t\t\t\t\t<a href=\"https:\/\/archventil.com\/wp-content\/uploads\/2023\/07\/Elenco-Trasparenza-Aiuti.jpg\" data-elementor-open-lightbox=\"yes\" data-elementor-lightbox-title=\"Elenco Trasparenza Aiuti\" data-e-action-hash=\"#elementor-action%3Aaction%3Dlightbox%26settings%3DeyJpZCI6MzAwODcsInVybCI6Imh0dHBzOlwvXC9hcmNodmVudGlsLmNvbVwvd3AtY29udGVudFwvdXBsb2Fkc1wvMjAyM1wvMDdcL0VsZW5jby1UcmFzcGFyZW56YS1BaXV0aS5qcGcifQ%3D%3D\"> \t\t\t\t\t\t\t<img fetchpriority=\"high\" decoding=\"async\" width=\"1617\" height=\"592\" src=\"https:\/\/archventil.com\/wp-content\/uploads\/2023\/07\/Elenco-Trasparenza-Aiuti.jpg\" class=\"attachment-full size-full wp-image-30087\" alt=\"\" srcset=\"https:\/\/archventil.com\/wp-content\/uploads\/2023\/07\/Elenco-Trasparenza-Aiuti.jpg 1617w, https:\/\/archventil.com\/wp-content\/uploads\/2023\/07\/Elenco-Trasparenza-Aiuti-300x110.jpg 300w, https:\/\/archventil.com\/wp-content\/uploads\/2023\/07\/Elenco-Trasparenza-Aiuti-1024x375.jpg 1024w, https:\/\/archventil.com\/wp-content\/uploads\/2023\/07\/Elenco-Trasparenza-Aiuti-768x281.jpg 768w, https:\/\/archventil.com\/wp-content\/uploads\/2023\/07\/Elenco-Trasparenza-Aiuti-1536x562.jpg 1536w\" sizes=\"(max-width: 1617px) 100vw, 1617px\" \/>\t\t\t\t\t\t\t\t<\/a> \t\t\t\t\t\t\t\t\t\t\t\t\t\t\t<\/div> \t\t\t\t<\/div> \t\t\t\t<\/div> \t\t\t\t<\/div>","protected":false},"excerpt":{"rendered":"<p>Aide \u00e0 la transparence de l&rsquo;ARN ArchventilStudio d&rsquo;architecture international \u00e0 Milan La loi 124\/2017 oblige les entreprises \u00e0 publier la liste des versements publics qu&rsquo;elles ont re\u00e7us. La publication doit \u00eatre faite sur le site web de l&rsquo;entreprise, si elle en a un. Pour pouvoir v\u00e9rifier l&rsquo;aide re\u00e7ue, les \u00e9tapes suivantes doivent \u00eatre suivies : [&hellip;]<\/p>\n","protected":false},"author":3,"featured_media":0,"parent":0,"menu_order":0,"comment_status":"closed","ping_status":"closed","template":"","meta":{"_acf_changed":false,"footnotes":""},"class_list":["post-28404","page","type-page","status-publish","hentry"],"acf":[],"_links":{"self":[{"href":"https:\/\/archventil.com\/fr\/wp-json\/wp\/v2\/pages\/28404","targetHints":{"allow":["GET"]}}],"collection":[{"href":"https:\/\/archventil.com\/fr\/wp-json\/wp\/v2\/pages"}],"about":[{"href":"https:\/\/archventil.com\/fr\/wp-json\/wp\/v2\/types\/page"}],"author":[{"embeddable":true,"href":"https:\/\/archventil.com\/fr\/wp-json\/wp\/v2\/users\/3"}],"replies":[{"embeddable":true,"href":"https:\/\/archventil.com\/fr\/wp-json\/wp\/v2\/comments?post=28404"}],"version-history":[{"count":1,"href":"https:\/\/archventil.com\/fr\/wp-json\/wp\/v2\/pages\/28404\/revisions"}],"predecessor-version":[{"id":28405,"href":"https:\/\/archventil.com\/fr\/wp-json\/wp\/v2\/pages\/28404\/revisions\/28405"}],"wp:attachment":[{"href":"https:\/\/archventil.com\/fr\/wp-json\/wp\/v2\/media?parent=28404"}],"curies":[{"name":"wp","href":"https:\/\/api.w.org\/{rel}","templated":true}]}}