{"id":28489,"date":"2024-11-18T12:06:21","date_gmt":"2024-11-18T11:06:21","guid":{"rendered":"https:\/\/archventil.com\/contactez-nous\/"},"modified":"2025-06-25T14:57:37","modified_gmt":"2025-06-25T12:57:37","slug":"contactez-nous","status":"publish","type":"page","link":"https:\/\/archventil.com\/fr\/contactez-nous\/","title":{"rendered":"Contactez nous"},"content":{"rendered":"<div data-elementor-type=\"wp-page\" data-elementor-id=\"28489\" class=\"elementor elementor-28489 elementor-21854\" data-elementor-post-type=\"page\"> \t\t\t\t<div class=\"elementor-element elementor-element-723de4a e-con-full e-flex e-con e-parent\" data-id=\"723de4a\" data-element_type=\"container\" data-e-type=\"container\"> \t\t<div class=\"elementor-element elementor-element-7f82495 e-con-full e-flex e-con e-child\" data-id=\"7f82495\" data-element_type=\"container\" data-e-type=\"container\" data-settings=\"{&quot;background_background&quot;:&quot;classic&quot;}\"> \t\t\t\t<\/div> \t\t<div class=\"elementor-element elementor-element-cd4a298 e-con-full e-transform e-flex e-con e-child\" data-id=\"cd4a298\" data-element_type=\"container\" data-e-type=\"container\" data-settings=\"{&quot;_transform_translateY_effect&quot;:{&quot;unit&quot;:&quot;%&quot;,&quot;size&quot;:-99.9,&quot;sizes&quot;:[]},&quot;_transform_translateY_effect_tablet&quot;:{&quot;unit&quot;:&quot;%&quot;,&quot;size&quot;:&quot;&quot;,&quot;sizes&quot;:[]},&quot;_transform_translateY_effect_mobile&quot;:{&quot;unit&quot;:&quot;%&quot;,&quot;size&quot;:0,&quot;sizes&quot;:[]},&quot;_transform_translateX_effect&quot;:{&quot;unit&quot;:&quot;px&quot;,&quot;size&quot;:&quot;&quot;,&quot;sizes&quot;:[]},&quot;_transform_translateX_effect_tablet&quot;:{&quot;unit&quot;:&quot;px&quot;,&quot;size&quot;:&quot;&quot;,&quot;sizes&quot;:[]},&quot;_transform_translateX_effect_mobile&quot;:{&quot;unit&quot;:&quot;px&quot;,&quot;size&quot;:&quot;&quot;,&quot;sizes&quot;:[]}}\"> \t\t<div class=\"elementor-element elementor-element-9a857c5 e-con-full e-flex e-con e-child\" data-id=\"9a857c5\" data-element_type=\"container\" data-e-type=\"container\" data-settings=\"{&quot;background_background&quot;:&quot;classic&quot;}\"> \t\t\t\t<div class=\"elementor-element elementor-element-0bd5a16 elementor-widget elementor-widget-heading\" data-id=\"0bd5a16\" data-element_type=\"widget\" data-e-type=\"widget\" data-widget_type=\"heading.default\"> \t\t\t\t<div class=\"elementor-widget-container\"> \t\t\t\t\t<h1 class=\"elementor-heading-title elementor-size-default\">Contactez nous<\/h1>\t\t\t\t<\/div> \t\t\t\t<\/div> \t\t\t\t<div class=\"elementor-element elementor-element-206452e elementor-widget elementor-widget-heading\" data-id=\"206452e\" data-element_type=\"widget\" data-e-type=\"widget\" data-widget_type=\"heading.default\"> \t\t\t\t<div class=\"elementor-widget-container\"> \t\t\t\t\t<h5 class=\"elementor-heading-title elementor-size-default\">Archventil<br>D\u00e9couvrez comment Archventil peut vous aider \u00e0 cr\u00e9er un environnement parfait Studio d'architecture international \u00e0 Milan<\/h5>\t\t\t\t<\/div> \t\t\t\t<\/div> \t\t\t\t<\/div> \t\t<div class=\"elementor-element elementor-element-dc2279e e-con-full e-flex e-con e-child\" data-id=\"dc2279e\" data-element_type=\"container\" data-e-type=\"container\" data-settings=\"{&quot;background_background&quot;:&quot;classic&quot;}\"> \t\t\t\t<\/div> \t\t\t\t<\/div> \t\t\t\t<\/div> \t\t<div class=\"elementor-element elementor-element-c363e3a e-con-full e-flex e-con e-parent\" data-id=\"c363e3a\" data-element_type=\"container\" data-e-type=\"container\"> \t\t<div class=\"elementor-element elementor-element-05cf69e e-con-full e-flex e-con e-child\" data-id=\"05cf69e\" data-element_type=\"container\" data-e-type=\"container\"> \t\t\t\t<div class=\"elementor-element elementor-element-d075e14 elementor-widget__width-initial elementor-widget-mobile__width-inherit elementor-widget elementor-widget-heading\" data-id=\"d075e14\" data-element_type=\"widget\" data-e-type=\"widget\" data-widget_type=\"heading.default\"> \t\t\t\t<div class=\"elementor-widget-container\"> \t\t\t\t\t<h2 class=\"elementor-heading-title elementor-size-default\">Demandez une consultation personnelle \u00e0 l'un de nos designers<\/h2>\t\t\t\t<\/div> \t\t\t\t<\/div> \t\t\t\t<\/div> \t\t<div class=\"elementor-element elementor-element-be92c0f e-con-full e-flex e-con e-child\" data-id=\"be92c0f\" data-element_type=\"container\" data-e-type=\"container\"> \t\t\t\t<div class=\"elementor-element elementor-element-e145f0e elementor-widget elementor-widget-template\" data-id=\"e145f0e\" data-element_type=\"widget\" data-e-type=\"widget\" data-widget_type=\"template.default\"> \t\t\t\t<div class=\"elementor-widget-container\"> \t\t\t\t\t\t\t<div class=\"elementor-template\"> \t\t\t\t\t<div data-elementor-type=\"section\" data-elementor-id=\"35630\" class=\"elementor elementor-35630 elementor-35495 elementor-35495\" data-elementor-post-type=\"elementor_library\"> \t\t\t<div class=\"elementor-element elementor-element-fcb902a e-con-full e-flex e-con e-parent\" data-id=\"fcb902a\" data-element_type=\"container\" data-e-type=\"container\"> \t\t\t\t<div class=\"elementor-element elementor-element-588a875 elementor-button-align-stretch elementor-widget elementor-widget-form\" data-id=\"588a875\" data-element_type=\"widget\" data-e-type=\"widget\" id=\"consulenza\" data-settings=\"{&quot;step_next_label&quot;:&quot;Suivant&quot;,&quot;step_previous_label&quot;:&quot;Pr\\u00e9c\\u00e9dent&quot;,&quot;button_width&quot;:&quot;100&quot;,&quot;step_type&quot;:&quot;number_text&quot;,&quot;step_icon_shape&quot;:&quot;circle&quot;}\" data-widget_type=\"form.default\"> \t\t\t\t<div class=\"elementor-widget-container\"> \t\t\t\t\t\t\t<form class=\"elementor-form\" method=\"post\" name=\"consulenza\" aria-label=\"consulenza\"> \t\t\t<input type=\"hidden\" name=\"post_id\" value=\"35630\"\/> \t\t\t<input type=\"hidden\" name=\"form_id\" value=\"588a875\"\/> \t\t\t<input type=\"hidden\" name=\"referer_title\" value=\"\" \/>  \t\t\t \t\t\t<div class=\"elementor-form-fields-wrapper elementor-labels-\"> \t\t\t\t\t\t\t\t<div class=\"elementor-field-type-hidden elementor-field-group elementor-column elementor-field-group-page_title elementor-col-100\"> \t\t\t\t\t\t\t\t\t\t\t\t\t<input size=\"1\" type=\"hidden\" name=\"form_fields[page_title]\" id=\"form-field-page_title\" class=\"elementor-field elementor-size-sm  elementor-field-textual\" value=\"Contactez nous\"> \t\t\t\t\t\t\t\t\t\t\t<\/div> \t\t\t\t\t\t\t\t<div class=\"elementor-field-type-text elementor-field-group elementor-column elementor-field-group-name elementor-col-50 elementor-field-required\"> \t\t\t\t\t\t\t\t\t\t\t\t<label for=\"form-field-name\" class=\"elementor-field-label elementor-screen-only\"> \t\t\t\t\t\t\t\tNom\t\t\t\t\t\t\t<\/label> \t\t\t\t\t\t\t\t\t\t\t\t\t\t<input size=\"1\" type=\"text\" name=\"form_fields[name]\" id=\"form-field-name\" class=\"elementor-field elementor-size-sm  elementor-field-textual\" placeholder=\"Votre nom\" required=\"required\"> \t\t\t\t\t\t\t\t\t\t\t<\/div> \t\t\t\t\t\t\t\t<div class=\"elementor-field-type-text elementor-field-group elementor-column elementor-field-group-last_name elementor-col-50\"> \t\t\t\t\t\t\t\t\t\t\t\t<label for=\"form-field-last_name\" class=\"elementor-field-label elementor-screen-only\"> \t\t\t\t\t\t\t\tNom de famille\t\t\t\t\t\t\t<\/label> \t\t\t\t\t\t\t\t\t\t\t\t\t\t<input size=\"1\" type=\"text\" name=\"form_fields[last_name]\" id=\"form-field-last_name\" class=\"elementor-field elementor-size-sm  elementor-field-textual\" placeholder=\"Votre nom de famille\"> \t\t\t\t\t\t\t\t\t\t\t<\/div> \t\t\t\t\t\t\t\t<div class=\"elementor-field-type-email elementor-field-group elementor-column elementor-field-group-email elementor-col-100 elementor-field-required\"> \t\t\t\t\t\t\t\t\t\t\t\t<label for=\"form-field-email\" class=\"elementor-field-label elementor-screen-only\"> \t\t\t\t\t\t\t\tCourriel\t\t\t\t\t\t\t<\/label> \t\t\t\t\t\t\t\t\t\t\t\t\t\t<input size=\"1\" type=\"email\" name=\"form_fields[email]\" id=\"form-field-email\" class=\"elementor-field elementor-size-sm  elementor-field-textual\" placeholder=\"Votre email\" required=\"required\"> \t\t\t\t\t\t\t\t\t\t\t<\/div> \t\t\t\t\t\t\t\t<div class=\"elementor-field-type-tel elementor-field-group elementor-column elementor-field-group-phone elementor-col-100 elementor-field-required\"> \t\t\t\t\t\t\t\t\t\t\t\t<label for=\"form-field-phone\" class=\"elementor-field-label elementor-screen-only\"> \t\t\t\t\t\t\t\tT\u00e9l\u00e9phone\t\t\t\t\t\t\t<\/label> \t\t\t\t\t\t\t\t<input size=\"1\" type=\"tel\" name=\"form_fields[phone]\" id=\"form-field-phone\" class=\"elementor-field elementor-size-sm  elementor-field-textual\" placeholder=\"Votre t\u00e9l\u00e9phone\" required=\"required\" pattern=\"[0-9()#&amp;+*-=.]+\" title=\"Seuls les caract\u00e8res de num\u00e9ros de t\u00e9l\u00e9phone (#, -, *, etc.) sont accept\u00e9s.\">  \t\t\t\t\t\t<\/div> \t\t\t\t\t\t\t\t<div class=\"elementor-field-type-textarea elementor-field-group elementor-column elementor-field-group-comments elementor-col-100 elementor-field-required\"> \t\t\t\t\t\t\t\t\t\t\t\t<label for=\"form-field-comments\" class=\"elementor-field-label elementor-screen-only\"> \t\t\t\t\t\t\t\tMessage\t\t\t\t\t\t\t<\/label> \t\t\t\t\t\t<textarea class=\"elementor-field-textual elementor-field  elementor-size-sm\" name=\"form_fields[comments]\" id=\"form-field-comments\" rows=\"2\" placeholder=\"D\u00e9crivez bri\u00e8vement votre projet\" required=\"required\"><\/textarea>\t\t\t\t<\/div> \t\t\t\t\t\t\t\t<div class=\"elementor-field-type-hidden elementor-field-group elementor-column elementor-field-group-utm_source elementor-col-100\"> \t\t\t\t\t\t\t\t\t\t\t\t\t<input size=\"1\" type=\"hidden\" name=\"form_fields[utm_source]\" id=\"form-field-utm_source\" class=\"elementor-field elementor-size-sm  elementor-field-textual\"> \t\t\t\t\t\t\t\t\t\t\t<\/div> \t\t\t\t\t\t\t\t<div class=\"elementor-field-type-hidden elementor-field-group elementor-column elementor-field-group-utm_medium elementor-col-100\"> \t\t\t\t\t\t\t\t\t\t\t\t\t<input size=\"1\" type=\"hidden\" name=\"form_fields[utm_medium]\" id=\"form-field-utm_medium\" class=\"elementor-field elementor-size-sm  elementor-field-textual\"> \t\t\t\t\t\t\t\t\t\t\t<\/div> \t\t\t\t\t\t\t\t<div class=\"elementor-field-type-hidden elementor-field-group elementor-column elementor-field-group-utm_campaign elementor-col-100\"> \t\t\t\t\t\t\t\t\t\t\t\t\t<input size=\"1\" type=\"hidden\" name=\"form_fields[utm_campaign]\" id=\"form-field-utm_campaign\" class=\"elementor-field elementor-size-sm  elementor-field-textual\"> \t\t\t\t\t\t\t\t\t\t\t<\/div> \t\t\t\t\t\t\t\t<div class=\"elementor-field-type-hidden elementor-field-group elementor-column elementor-field-group-utm_content elementor-col-100\"> \t\t\t\t\t\t\t\t\t\t\t\t\t<input size=\"1\" type=\"hidden\" name=\"form_fields[utm_content]\" id=\"form-field-utm_content\" class=\"elementor-field elementor-size-sm  elementor-field-textual\"> \t\t\t\t\t\t\t\t\t\t\t<\/div> \t\t\t\t\t\t\t\t<div class=\"elementor-field-type-hidden elementor-field-group elementor-column elementor-field-group-utm_term elementor-col-100\"> \t\t\t\t\t\t\t\t\t\t\t\t\t<input size=\"1\" type=\"hidden\" name=\"form_fields[utm_term]\" id=\"form-field-utm_term\" class=\"elementor-field elementor-size-sm  elementor-field-textual\"> \t\t\t\t\t\t\t\t\t\t\t<\/div> \t\t\t\t\t\t\t\t<div class=\"elementor-field-type-acceptance elementor-field-group elementor-column elementor-field-group-privacy_consulenza elementor-col-100 elementor-field-required\"> \t\t\t\t\t\t\t\t\t\t\t\t<label for=\"form-field-privacy_consulenza\" class=\"elementor-field-label elementor-screen-only\"> \t\t\t\t\t\t\t\tConseil en mati\u00e8re de protection de la vie priv\u00e9e\t\t\t\t\t\t\t<\/label> \t\t\t\t\t\t\t\t<div class=\"elementor-field-subgroup\"> \t\t\t<span class=\"elementor-field-option\"> \t\t\t\t<input type=\"checkbox\" name=\"form_fields[privacy_consulenza]\" id=\"form-field-privacy_consulenza\" class=\"elementor-field elementor-size-sm  elementor-acceptance-field\" required=\"required\"> \t\t\t\t<label for=\"form-field-privacy_consulenza\">J'ai lu et accept\u00e9 les <a href=\"https:\/\/archventil.com\/fr\/politique-de-confidentialite\/\" target=\"blank\">termes et conditions de la notice d'information<\/a> conform\u00e9ment \u00e0 l'article 13 du r\u00e8glement (UE) 2016\/679. <\/label>\t\t\t<\/span> \t\t<\/div> \t\t\t\t\t\t<\/div> \t\t\t\t\t\t\t\t<div class=\"elementor-field-type-recaptcha_v3 elementor-field-group elementor-column elementor-field-group-recaptcha elementor-col-100 recaptcha_v3-bottomright\"> \t\t\t\t\t<div class=\"elementor-field\" id=\"form-field-recaptcha\"><div class=\"elementor-g-recaptcha\" data-sitekey=\"6LfFnWkqAAAAALADht2-Df4C08i-NIt3HNIhj3Ym\" data-type=\"v3\" data-action=\"Form\" data-badge=\"bottomright\" data-size=\"invisible\"><\/div><\/div>\t\t\t\t<\/div> \t\t\t\t\t\t\t\t<div class=\"elementor-field-type-hidden elementor-field-group elementor-column elementor-field-group-first_utm_source elementor-col-100\"> \t\t\t\t\t\t\t\t\t\t\t\t\t<input size=\"1\" type=\"hidden\" name=\"form_fields[first_utm_source]\" id=\"form-field-first_utm_source\" class=\"elementor-field elementor-size-sm  elementor-field-textual\"> \t\t\t\t\t\t\t\t\t\t\t<\/div> \t\t\t\t\t\t\t\t<div class=\"elementor-field-type-hidden elementor-field-group elementor-column elementor-field-group-first_utm_medium elementor-col-100\"> \t\t\t\t\t\t\t\t\t\t\t\t\t<input size=\"1\" type=\"hidden\" name=\"form_fields[first_utm_medium]\" id=\"form-field-first_utm_medium\" class=\"elementor-field elementor-size-sm  elementor-field-textual\"> \t\t\t\t\t\t\t\t\t\t\t<\/div> \t\t\t\t\t\t\t\t<div class=\"elementor-field-type-hidden elementor-field-group elementor-column elementor-field-group-first_utm_campaign elementor-col-100\"> \t\t\t\t\t\t\t\t\t\t\t\t\t<input size=\"1\" type=\"hidden\" name=\"form_fields[first_utm_campaign]\" id=\"form-field-first_utm_campaign\" class=\"elementor-field elementor-size-sm  elementor-field-textual\"> \t\t\t\t\t\t\t\t\t\t\t<\/div> \t\t\t\t\t\t\t\t<div class=\"elementor-field-type-hidden elementor-field-group elementor-column elementor-field-group-first_utm_content elementor-col-100\"> \t\t\t\t\t\t\t\t\t\t\t\t\t<input size=\"1\" type=\"hidden\" name=\"form_fields[first_utm_content]\" id=\"form-field-first_utm_content\" class=\"elementor-field elementor-size-sm  elementor-field-textual\"> \t\t\t\t\t\t\t\t\t\t\t<\/div> \t\t\t\t\t\t\t\t<div class=\"elementor-field-group elementor-column elementor-field-type-submit elementor-col-100 e-form__buttons\"> \t\t\t\t\t<button class=\"elementor-button elementor-size-sm\" type=\"submit\"> \t\t\t\t\t\t<span class=\"elementor-button-content-wrapper\"> \t\t\t\t\t\t\t\t\t\t\t\t\t\t\t\t\t\t\t\t\t\t<span class=\"elementor-button-text\">Demande de conseils<\/span> \t\t\t\t\t\t\t\t\t\t\t\t\t<\/span> \t\t\t\t\t<\/button> \t\t\t\t<\/div> \t\t\t<\/div> \t\t<\/form> \t\t\t\t\t\t<\/div> \t\t\t\t<\/div> \t\t\t\t<\/div> \t\t\t\t<\/div> \t\t\t\t<\/div> \t\t\t\t\t\t<\/div> \t\t\t\t<\/div> \t\t\t\t<\/div> \t\t\t\t<\/div> \t\t\t\t<\/div>","protected":false},"excerpt":{"rendered":"<p>Contactez nous ArchventilD\u00e9couvrez comment Archventil peut vous aider \u00e0 cr\u00e9er un environnement parfait Studio d&rsquo;architecture international \u00e0 Milan Demandez une consultation personnelle \u00e0 l&rsquo;un de nos designers<\/p>\n","protected":false},"author":3,"featured_media":0,"parent":0,"menu_order":0,"comment_status":"closed","ping_status":"closed","template":"","meta":{"_acf_changed":false,"footnotes":""},"class_list":["post-28489","page","type-page","status-publish","hentry"],"acf":[],"_links":{"self":[{"href":"https:\/\/archventil.com\/fr\/wp-json\/wp\/v2\/pages\/28489","targetHints":{"allow":["GET"]}}],"collection":[{"href":"https:\/\/archventil.com\/fr\/wp-json\/wp\/v2\/pages"}],"about":[{"href":"https:\/\/archventil.com\/fr\/wp-json\/wp\/v2\/types\/page"}],"author":[{"embeddable":true,"href":"https:\/\/archventil.com\/fr\/wp-json\/wp\/v2\/users\/3"}],"replies":[{"embeddable":true,"href":"https:\/\/archventil.com\/fr\/wp-json\/wp\/v2\/comments?post=28489"}],"version-history":[{"count":1,"href":"https:\/\/archventil.com\/fr\/wp-json\/wp\/v2\/pages\/28489\/revisions"}],"predecessor-version":[{"id":28492,"href":"https:\/\/archventil.com\/fr\/wp-json\/wp\/v2\/pages\/28489\/revisions\/28492"}],"wp:attachment":[{"href":"https:\/\/archventil.com\/fr\/wp-json\/wp\/v2\/media?parent=28489"}],"curies":[{"name":"wp","href":"https:\/\/api.w.org\/{rel}","templated":true}]}}